{"id":1866,"date":"2020-03-12T22:01:47","date_gmt":"2020-03-12T22:01:47","guid":{"rendered":"https:\/\/hyperboxsolutions.pt\/wp\/?post_type=product&#038;p=1866"},"modified":"2021-12-08T23:06:51","modified_gmt":"2021-12-08T23:06:51","slug":"rele-inteligente-nvs-smartswitch-w","status":"publish","type":"product","link":"https:\/\/hyperboxsolutions.pt\/wp\/produto\/rele-inteligente-nvs-smartswitch-w\/","title":{"rendered":"Rel\u00e9 inteligente NVS-SMARTSWITCH-W"},"content":{"rendered":"<p><strong>Rel\u00e9 inteligente NVS-SMARTSWITCH-W<\/strong><\/p>\n<ul class=\"article_list\">\n<li>Nivian Smart<\/li>\n<li>Rel\u00e9 inteligente<\/li>\n<li>WiFi 2.4 GHz IEEE802.11 b\/g\/n<\/li>\n<li>At\u00e9 um m\u00e1ximo de 10A<\/li>\n<li>Compat\u00edvel com TUYA Smart<\/li>\n<li>Compat\u00edvel com Alexa e Google Assistant<\/li>\n<li>Fun\u00e7\u00e3o temporizador<\/li>\n<li>Poupan\u00e7a de energia e protec\u00e7\u00e3o do ambiente<\/li>\n<li>Controle remoto a partir do smartphone a qualquer hora, em qualquer lugar<\/li>\n<\/ul>\n<table class=\"specs\" style=\"height: 172px;\" border=\"0\" width=\"1209\" cellspacing=\"0\" cellpadding=\"0\">\n<tbody>\n<tr align=\"left\" valign=\"middle\">\n<td width=\"30%\" height=\"22\"><strong>Marca<\/strong><\/td>\n<td width=\"70%\" height=\"22\">Nivian Smart<\/td>\n<\/tr>\n<tr align=\"left\" valign=\"middle\">\n<td height=\"22\"><strong>Tipo de produto<\/strong><\/td>\n<td height=\"22\">Rel\u00e9 Inteligente<\/td>\n<\/tr>\n<tr align=\"left\" valign=\"middle\">\n<td height=\"22\"><strong>Comunica\u00e7\u00e3o<\/strong><\/td>\n<td height=\"22\">WiFi 2.4 GHz IEEE 802.11 b\/g\/n<\/td>\n<\/tr>\n<tr align=\"left\" valign=\"middle\">\n<td height=\"22\"><strong>Tipo de tomada<\/strong><\/td>\n<td height=\"22\">Tipo F (Europeu)<\/td>\n<\/tr>\n<tr align=\"left\" valign=\"middle\">\n<td height=\"22\"><strong>Pot\u00eancia m\u00e1xima suportada<\/strong><\/td>\n<td height=\"22\">2300W<\/td>\n<\/tr>\n<tr align=\"left\" valign=\"middle\">\n<td height=\"22\"><strong>Corrente m\u00e1xima<\/strong><\/td>\n<td height=\"22\">10A<\/td>\n<\/tr>\n<tr align=\"left\" valign=\"middle\">\n<td height=\"22\"><strong>Tens\u00e3o de trabalho<\/strong><\/td>\n<td height=\"22\">100-250V<\/td>\n<\/tr>\n<tr align=\"left\" valign=\"middle\">\n<td height=\"22\"><strong>Caracter\u00edsticas<\/strong><\/td>\n<td height=\"22\">Controlo remoto, estat\u00edsticas de consumo na APP, fun\u00e7\u00e3o Temporizador<\/td>\n<\/tr>\n<tr align=\"left\" valign=\"middle\">\n<td height=\"22\"><strong>Compatibilidades<\/strong><\/td>\n<td height=\"22\">Compat\u00edvel com APP Tuya Smart, Alexa, Google Assistant e IFTTT, entre outros<\/td>\n<\/tr>\n<tr align=\"left\" valign=\"middle\">\n<td height=\"22\"><strong>Temperatura de trabalho<\/strong><\/td>\n<td height=\"22\">-30\u00ba ~ +70\u00ba<\/td>\n<\/tr>\n<tr align=\"left\" valign=\"middle\">\n<td height=\"22\"><strong>Alimenta\u00e7\u00e3o<\/strong><\/td>\n<td height=\"22\">100 \/ 240 V AC<\/td>\n<\/tr>\n<tr align=\"left\" valign=\"middle\">\n<td height=\"22\"><strong>Dimens\u00f5es<\/strong><\/td>\n<td height=\"22\">83 (Al) x 49 (Fo) x 49 (An) mm<\/td>\n<\/tr>\n<\/tbody>\n<\/table>\n","protected":false},"excerpt":{"rendered":"<ul>\n<li>Rel\u00e9 inteligente<\/li>\n<li>WiFi 2.4 GHz IEEE802.11 b\/g\/n<\/li>\n<li>Carga m\u00e1xima 10A<\/li>\n<li>Prote\u00e7\u00e3o contra sobretens\u00f5es<\/li>\n<li>Compat\u00edvel com TUYA Smart<\/li>\n<li>Compat\u00edvel com Alexa e Google Assistant<\/li>\n<\/ul>\n<p><strong><span style=\"vertical-align: inherit;\"><span style=\"vertical-align: inherit;\">Conte\u00fado:<\/span><\/span><\/strong><\/p>\n<ul>\n<li>Rel\u00e9 Inteligente<\/li>\n<li>Manual do utilizador<\/li>\n<\/ul>\n<p><span style=\"vertical-align: inherit;\"><span style=\"vertical-align: inherit;\">Pre\u00e7o sem IVA<\/span><\/span><\/p>\n","protected":false},"featured_media":3244,"comment_status":"open","ping_status":"closed","template":"","meta":[],"product_brand":[],"product_cat":[139,143],"product_tag":[],"class_list":{"0":"post-1866","1":"product","2":"type-product","3":"status-publish","4":"has-post-thumbnail","6":"product_cat-acessorios-smart-home","7":"product_cat-smart-home","9":"first","10":"outofstock","11":"sale","12":"taxable","13":"shipping-taxable","14":"purchasable","15":"product-type-simple","16":"customify-col"},"_links":{"self":[{"href":"https:\/\/hyperboxsolutions.pt\/wp\/wp-json\/wp\/v2\/product\/1866","targetHints":{"allow":["GET"]}}],"collection":[{"href":"https:\/\/hyperboxsolutions.pt\/wp\/wp-json\/wp\/v2\/product"}],"about":[{"href":"https:\/\/hyperboxsolutions.pt\/wp\/wp-json\/wp\/v2\/types\/product"}],"replies":[{"embeddable":true,"href":"https:\/\/hyperboxsolutions.pt\/wp\/wp-json\/wp\/v2\/comments?post=1866"}],"version-history":[{"count":3,"href":"https:\/\/hyperboxsolutions.pt\/wp\/wp-json\/wp\/v2\/product\/1866\/revisions"}],"predecessor-version":[{"id":3245,"href":"https:\/\/hyperboxsolutions.pt\/wp\/wp-json\/wp\/v2\/product\/1866\/revisions\/3245"}],"wp:featuredmedia":[{"embeddable":true,"href":"https:\/\/hyperboxsolutions.pt\/wp\/wp-json\/wp\/v2\/media\/3244"}],"wp:attachment":[{"href":"https:\/\/hyperboxsolutions.pt\/wp\/wp-json\/wp\/v2\/media?parent=1866"}],"wp:term":[{"taxonomy":"product_brand","embeddable":true,"href":"https:\/\/hyperboxsolutions.pt\/wp\/wp-json\/wp\/v2\/product_brand?post=1866"},{"taxonomy":"product_cat","embeddable":true,"href":"https:\/\/hyperboxsolutions.pt\/wp\/wp-json\/wp\/v2\/product_cat?post=1866"},{"taxonomy":"product_tag","embeddable":true,"href":"https:\/\/hyperboxsolutions.pt\/wp\/wp-json\/wp\/v2\/product_tag?post=1866"}],"curies":[{"name":"wp","href":"https:\/\/api.w.org\/{rel}","templated":true}]}}