{"id":814,"date":"2019-02-23T22:31:30","date_gmt":"2019-02-23T22:31:30","guid":{"rendered":"https:\/\/hyperboxsolutions.pt\/wp\/?post_type=product&#038;p=814"},"modified":"2025-05-13T21:10:09","modified_gmt":"2025-05-13T21:10:09","slug":"nice-cremalheira-r0a6","status":"publish","type":"product","link":"https:\/\/hyperboxsolutions.pt\/wp\/produto\/nice-cremalheira-r0a6\/","title":{"rendered":"Nice Cremalheira R0A6"},"content":{"rendered":"<h2>Para port\u00f5es de correr ou com motores com pinh\u00e3o<\/h2>\n<p>Cremalheira em material pl\u00e1stico para port\u00f5es at\u00e9 500Kg<\/p>\n<p>Cremalheira M4 25x20x1000 mm com orif\u00edcios.<br \/>\nAlongados em nylon com refor\u00e7o met\u00e1lico.<\/p>\n<p>Pre\u00e7o sem I.V.A. e sem instala\u00e7\u00e3o<\/p>\n","protected":false},"excerpt":{"rendered":"<h1>Para port\u00f5es de correr ou com motores com pinh\u00e3o<\/h1>\n<p>Cremalheira em material pl\u00e1stico para port\u00f5es at\u00e9 500Kg<\/p>\n<p>Cremalheira M4 25x20x1000 mm com orif\u00edcios.<br \/>\nAlongados em nylon com refor\u00e7o met\u00e1lico.<\/p>\n<p><span style=\"vertical-align: inherit;\"><strong>Pre\u00e7o sem IVA.<br \/>\n<\/strong><\/span>Os custos de expedi\u00e7\u00e3o s\u00e3o s\u00f3 para Portugal Continental.<br \/>\nPara outros destinos atualizaremos a compra ap\u00f3s a encomenda.<br \/>\n<span style=\"vertical-align: inherit;\">Os produtos sem stock pode sofrer altera\u00e7\u00e3o de pre\u00e7o. N\u00e3o efetue o pagamento at\u00e9 ser contactado.<\/span><\/p>\n","protected":false},"featured_media":817,"comment_status":"open","ping_status":"closed","template":"","meta":[],"product_brand":[],"product_cat":[68,64],"product_tag":[],"class_list":{"0":"post-814","1":"product","2":"type-product","3":"status-publish","4":"has-post-thumbnail","6":"product_cat-acessorios-para-automatismos-nice","7":"product_cat-automatismos-nice","8":"product_shipping_class-portugal-ate-30kg","10":"first","11":"onbackorder","12":"sale","13":"featured","14":"taxable","15":"shipping-taxable","16":"purchasable","17":"product-type-simple","18":"customify-col"},"_links":{"self":[{"href":"https:\/\/hyperboxsolutions.pt\/wp\/wp-json\/wp\/v2\/product\/814","targetHints":{"allow":["GET"]}}],"collection":[{"href":"https:\/\/hyperboxsolutions.pt\/wp\/wp-json\/wp\/v2\/product"}],"about":[{"href":"https:\/\/hyperboxsolutions.pt\/wp\/wp-json\/wp\/v2\/types\/product"}],"replies":[{"embeddable":true,"href":"https:\/\/hyperboxsolutions.pt\/wp\/wp-json\/wp\/v2\/comments?post=814"}],"version-history":[{"count":4,"href":"https:\/\/hyperboxsolutions.pt\/wp\/wp-json\/wp\/v2\/product\/814\/revisions"}],"predecessor-version":[{"id":3577,"href":"https:\/\/hyperboxsolutions.pt\/wp\/wp-json\/wp\/v2\/product\/814\/revisions\/3577"}],"wp:featuredmedia":[{"embeddable":true,"href":"https:\/\/hyperboxsolutions.pt\/wp\/wp-json\/wp\/v2\/media\/817"}],"wp:attachment":[{"href":"https:\/\/hyperboxsolutions.pt\/wp\/wp-json\/wp\/v2\/media?parent=814"}],"wp:term":[{"taxonomy":"product_brand","embeddable":true,"href":"https:\/\/hyperboxsolutions.pt\/wp\/wp-json\/wp\/v2\/product_brand?post=814"},{"taxonomy":"product_cat","embeddable":true,"href":"https:\/\/hyperboxsolutions.pt\/wp\/wp-json\/wp\/v2\/product_cat?post=814"},{"taxonomy":"product_tag","embeddable":true,"href":"https:\/\/hyperboxsolutions.pt\/wp\/wp-json\/wp\/v2\/product_tag?post=814"}],"curies":[{"name":"wp","href":"https:\/\/api.w.org\/{rel}","templated":true}]}}